{"id":17,"date":"2019-11-12T00:41:49","date_gmt":"2019-11-12T00:41:49","guid":{"rendered":"http:\/\/wernergeigges.de\/?page_id=17"},"modified":"2020-03-07T23:34:28","modified_gmt":"2020-03-07T23:34:28","slug":"coaching","status":"publish","type":"page","link":"https:\/\/wernergeigges.de\/?page_id=17","title":{"rendered":"Supervision\/ Coaching"},"content":{"rendered":"\n<h2>Supervision\/ Coaching<\/h2>\n\n\n\n<p><\/p>\n\n\n\n<p><\/p>\n\n\n\n<ul><li>Supervisor\/Coach in eigener Praxis :&nbsp;<br>Einzel-, Gruppen- und Team-Supervisionen mit systemischer- und tiefenpsychologischer Ausrichtung\/Coaching<\/li><\/ul>\n\n\n\n<ul><li>Lehr-Supervisor im Rahmen der Weiterbildung zum Systemischen Berater\/Therapeut (DGSF)<\/li><\/ul>\n\n\n\n<ul><li>  Lehr-Supervisor im Rahmen der \u00e4rztlichen Weiterbildung fachgebundene   Psychotherapie und der Facharztweiterbildung Psychosomatische Medizin  und Psychotherapie (B\u00c4K BW) <\/li><\/ul>\n\n\n\n<ul><li>Systemisch-tiefenpsychologische Supervisonen\/Coaching f\u00fcr Einrichtungen des Gesundheitswesens, sowie der Erziehungs-, Paar-und Familienberatung<\/li><\/ul>\n\n\n\n<ul><li>Klinik f\u00fcr Tumorbiologie Freiburg, Psychosomatische Universit\u00e4tsklinik Freiburg, Abteilung Palliativmedizin der Uniklinik Freiburg,  Sozialp\u00e4diatrisches Zentrum der Uni-Kinderklinik Freiburg, Sozialp\u00e4dagogische Familienhilfe, Erziehungsberatungsstellen Freiburg<\/li><\/ul>\n\n\n\n<p><\/p>\n","protected":false},"excerpt":{"rendered":"<p>Supervision\/ Coaching Supervisor\/Coach in eigener Praxis :&nbsp;Einzel-, Gruppen- und Team-Supervisionen mit systemischer- und tiefenpsychologischer Ausrichtung\/Coaching Lehr-Supervisor im Rahmen der Weiterbildung&hellip;<\/p>\n","protected":false},"author":1,"featured_media":0,"parent":0,"menu_order":0,"comment_status":"closed","ping_status":"closed","template":"","meta":[],"_links":{"self":[{"href":"https:\/\/wernergeigges.de\/index.php?rest_route=\/wp\/v2\/pages\/17"}],"collection":[{"href":"https:\/\/wernergeigges.de\/index.php?rest_route=\/wp\/v2\/pages"}],"about":[{"href":"https:\/\/wernergeigges.de\/index.php?rest_route=\/wp\/v2\/types\/page"}],"author":[{"embeddable":true,"href":"https:\/\/wernergeigges.de\/index.php?rest_route=\/wp\/v2\/users\/1"}],"replies":[{"embeddable":true,"href":"https:\/\/wernergeigges.de\/index.php?rest_route=%2Fwp%2Fv2%2Fcomments&post=17"}],"version-history":[{"count":8,"href":"https:\/\/wernergeigges.de\/index.php?rest_route=\/wp\/v2\/pages\/17\/revisions"}],"predecessor-version":[{"id":268,"href":"https:\/\/wernergeigges.de\/index.php?rest_route=\/wp\/v2\/pages\/17\/revisions\/268"}],"wp:attachment":[{"href":"https:\/\/wernergeigges.de\/index.php?rest_route=%2Fwp%2Fv2%2Fmedia&parent=17"}],"curies":[{"name":"wp","href":"https:\/\/api.w.org\/{rel}","templated":true}]}}