{"id":15,"date":"2019-11-12T00:41:49","date_gmt":"2019-11-12T00:41:49","guid":{"rendered":"http:\/\/wernergeigges.de\/?page_id=15"},"modified":"2019-11-23T22:07:22","modified_gmt":"2019-11-23T22:07:22","slug":"psychotherapie","status":"publish","type":"page","link":"https:\/\/wernergeigges.de\/?page_id=15","title":{"rendered":"Psychotherapeutische Praxis"},"content":{"rendered":"\n<h2>Psychotherapeutische Praxis<\/h2>\n\n\n\n<p><br><\/p>\n\n\n\n<ul><li>Privat\u00e4rztliche Psychotherapie-Praxis<\/li><\/ul>\n\n\n\n<p><\/p>\n\n\n\n<ul><li>Die Behandlungskosten nach der \u00c4rztlichen Geb\u00fchrenordnung (GO\u00c4) werden von allen Privatkassen und Beihilfestellen nach einem entsprechenden Antrag \u00fcbernommen.<\/li><\/ul>\n\n\n\n<p><\/p>\n\n\n\n<ul><li>Setting : Einzelpsychotherapie\/ Paartherapie\/ Familientherapie<\/li><\/ul>\n\n\n\n<p><\/p>\n\n\n\n<ul><li>Qualifikation : <br>Facharzt f\u00fcr Psychosomatische Medizin und Psychotherapie mit tiefenpsychologischen- und systemischen Schwerpunkten<\/li><\/ul>\n\n\n\n<p><\/p>\n\n\n\n<ul><li>Praxis-Adresse : Stadtstrasse 11\u00a0 79104 Freiburg<\/li><\/ul>\n\n\n\n<p><\/p>\n\n\n\n<ul><li>Sprechstunden nur nach telefonischer Vereinbarung: Tel. 0178 311 6694<\/li><\/ul>\n","protected":false},"excerpt":{"rendered":"<p>Psychotherapeutische Praxis Privat\u00e4rztliche Psychotherapie-Praxis Die Behandlungskosten nach der \u00c4rztlichen Geb\u00fchrenordnung (GO\u00c4) werden von allen Privatkassen und Beihilfestellen nach einem entsprechenden&hellip;<\/p>\n","protected":false},"author":1,"featured_media":0,"parent":0,"menu_order":0,"comment_status":"closed","ping_status":"closed","template":"","meta":[],"_links":{"self":[{"href":"https:\/\/wernergeigges.de\/index.php?rest_route=\/wp\/v2\/pages\/15"}],"collection":[{"href":"https:\/\/wernergeigges.de\/index.php?rest_route=\/wp\/v2\/pages"}],"about":[{"href":"https:\/\/wernergeigges.de\/index.php?rest_route=\/wp\/v2\/types\/page"}],"author":[{"embeddable":true,"href":"https:\/\/wernergeigges.de\/index.php?rest_route=\/wp\/v2\/users\/1"}],"replies":[{"embeddable":true,"href":"https:\/\/wernergeigges.de\/index.php?rest_route=%2Fwp%2Fv2%2Fcomments&post=15"}],"version-history":[{"count":9,"href":"https:\/\/wernergeigges.de\/index.php?rest_route=\/wp\/v2\/pages\/15\/revisions"}],"predecessor-version":[{"id":198,"href":"https:\/\/wernergeigges.de\/index.php?rest_route=\/wp\/v2\/pages\/15\/revisions\/198"}],"wp:attachment":[{"href":"https:\/\/wernergeigges.de\/index.php?rest_route=%2Fwp%2Fv2%2Fmedia&parent=15"}],"curies":[{"name":"wp","href":"https:\/\/api.w.org\/{rel}","templated":true}]}}