{"id":11,"date":"2019-11-12T00:09:45","date_gmt":"2019-11-12T00:09:45","guid":{"rendered":"http:\/\/wernergeigges.de\/?page_id=11"},"modified":"2019-11-22T19:04:07","modified_gmt":"2019-11-22T19:04:07","slug":"person","status":"publish","type":"page","link":"https:\/\/wernergeigges.de\/?page_id=11","title":{"rendered":"Person"},"content":{"rendered":"\n<h2>Zur Person<\/h2>\n\n\n\n<p><\/p>\n\n\n\n<figure class=\"wp-block-image is-resized\"><img decoding=\"async\" loading=\"lazy\" src=\"http:\/\/wernergeigges.de\/wp-content\/uploads\/2019\/11\/Profil-1024x768.jpg\" alt=\"\" class=\"wp-image-44\" width=\"338\" height=\"253\" srcset=\"https:\/\/wernergeigges.de\/wp-content\/uploads\/2019\/11\/Profil-1024x768.jpg 1024w, https:\/\/wernergeigges.de\/wp-content\/uploads\/2019\/11\/Profil-300x225.jpg 300w, https:\/\/wernergeigges.de\/wp-content\/uploads\/2019\/11\/Profil-768x576.jpg 768w, https:\/\/wernergeigges.de\/wp-content\/uploads\/2019\/11\/Profil-1600x1200.jpg 1600w\" sizes=\"(max-width: 338px) 100vw, 338px\" \/><\/figure>\n\n\n\n<p><\/p>\n\n\n\n<p><\/p>\n\n\n\n<p><\/p>\n\n\n\n<p><\/p>\n\n\n\n<p>Dr. med.<\/p>\n\n\n\n<p>Facharzt\nf\u00fcr Innere Medizin<\/p>\n\n\n\n<p>Facharzt\nf\u00fcr Psychosomatische Medizin und Psychotherapie<\/p>\n\n\n\n<p>Facharzt f\u00fcr Physikalische- und Rehabilitative Medizin<\/p>\n\n\n\n<p>Systemischer Therapeut, Paar- und Familientherapeut (DGSF )<\/p>\n\n\n\n<p>Traumatherapeut\n(DAPT)<\/p>\n\n\n\n<p>Lehrender f\u00fcr Systemische Therapie (DGSF)<\/p>\n\n\n\n<p><br>1994 &#8211; Ende 2018 Chefarzt der Rehaklinik Glotterbad | Fachklinik f\u00fcr Psychosomatik, <br> Psychotherapeutische und Innere Medizin in Glottertal.<\/p>\n\n\n\n<p>1997 &#8211; 2018 Lehrbeauftragter f\u00fcr Psychosomatische Medizin und Psychotherapie an der Albert-Ludwigs-Universit\u00e4t Freiburg.<\/p>\n\n\n\n<p>Seit 1995 Sprecher der Thure von\nUexk\u00fcll-Akademie f\u00fcr Integrierte Medizin (AIM).<\/p>\n\n\n\n<p>Seit 1992 Gr\u00fcndungsmitglied und Co-Leitung\ndes Freiburger Familientherapeutischen Arbeitskreises (FFAK) e. V.<\/p>\n\n\n\n<p>Gr\u00fcndungs-Mitglied und Dozent des Arbeitskreises Psychosomatische Medizin und Psychotherapie S\u00fcdbaden e. V.<br>in Kooperation mit der Abteilung f\u00fcr Psychosomatische Medizin und Psychotherapie des Universit\u00e4tsklinikums Freiburg.<\/p>\n\n\n\n<p>Mitglied des Weiterbildungsausschusses der Bezirks\u00e4rztekammer S\u00fcdbaden, Fachgutachter und Pr\u00fcfer f\u00fcr das Fachgebiet Psychosomatische Medizin und Psychotherapie.<\/p>\n\n\n\n<p>Verheiratet, 2 erwachsene Kinder<\/p>\n","protected":false},"excerpt":{"rendered":"<p>Zur Person Dr. med. Facharzt f\u00fcr Innere Medizin Facharzt f\u00fcr Psychosomatische Medizin und Psychotherapie Facharzt f\u00fcr Physikalische- und Rehabilitative Medizin&hellip;<\/p>\n","protected":false},"author":1,"featured_media":0,"parent":0,"menu_order":0,"comment_status":"closed","ping_status":"closed","template":"","meta":[],"_links":{"self":[{"href":"https:\/\/wernergeigges.de\/index.php?rest_route=\/wp\/v2\/pages\/11"}],"collection":[{"href":"https:\/\/wernergeigges.de\/index.php?rest_route=\/wp\/v2\/pages"}],"about":[{"href":"https:\/\/wernergeigges.de\/index.php?rest_route=\/wp\/v2\/types\/page"}],"author":[{"embeddable":true,"href":"https:\/\/wernergeigges.de\/index.php?rest_route=\/wp\/v2\/users\/1"}],"replies":[{"embeddable":true,"href":"https:\/\/wernergeigges.de\/index.php?rest_route=%2Fwp%2Fv2%2Fcomments&post=11"}],"version-history":[{"count":12,"href":"https:\/\/wernergeigges.de\/index.php?rest_route=\/wp\/v2\/pages\/11\/revisions"}],"predecessor-version":[{"id":163,"href":"https:\/\/wernergeigges.de\/index.php?rest_route=\/wp\/v2\/pages\/11\/revisions\/163"}],"wp:attachment":[{"href":"https:\/\/wernergeigges.de\/index.php?rest_route=%2Fwp%2Fv2%2Fmedia&parent=11"}],"curies":[{"name":"wp","href":"https:\/\/api.w.org\/{rel}","templated":true}]}}