{"id":81,"date":"2019-11-12T23:38:31","date_gmt":"2019-11-12T23:38:31","guid":{"rendered":"http:\/\/wernergeigges.de\/?page_id=81"},"modified":"2019-11-13T00:06:16","modified_gmt":"2019-11-13T00:06:16","slug":"impressum","status":"publish","type":"page","link":"http:\/\/wernergeigges.de\/?page_id=81","title":{"rendered":"Impressum"},"content":{"rendered":"\n<p><strong>Angaben\ngem\u00e4\u00df \u00a7 5 TMG<\/strong><\/p>\n\n\n\n<p>Dr. med. Werner Geigges<br>Im M\u00e4ttle 7<br>79194 Heuweiler<br>Telefon: +(49)1783116694<br>Email: w.geigges@t-online.de<\/p>\n\n\n\n<p>Gesetzliche Berufsbezeichnung: Arzt<br>Berufsbezeichnung verliehen in der Bundesrepublik Deutschland<br>Zust\u00e4ndige \u00c4rztekammer: <br>Bezirks\u00e4rztekammer S\u00fcdbaden<br>Sundgauallee 27<br>79114 Freiburg<br>Telefon: 0761 \/600-470<br>Telefax: 0761 \/ 892868<br>www.bezirksaerztekammer-suedbaden.de<\/p>\n","protected":false},"excerpt":{"rendered":"<p>Angaben gem\u00e4\u00df \u00a7 5 TMG Dr. med. Werner GeiggesIm M\u00e4ttle 779194 HeuweilerTelefon: +(49)1783116694Email: w.geigges@t-online.de Gesetzliche Berufsbezeichnung: ArztBerufsbezeichnung verliehen in der&hellip;<\/p>\n","protected":false},"author":1,"featured_media":0,"parent":0,"menu_order":0,"comment_status":"closed","ping_status":"closed","template":"","meta":[],"_links":{"self":[{"href":"http:\/\/wernergeigges.de\/index.php?rest_route=\/wp\/v2\/pages\/81"}],"collection":[{"href":"http:\/\/wernergeigges.de\/index.php?rest_route=\/wp\/v2\/pages"}],"about":[{"href":"http:\/\/wernergeigges.de\/index.php?rest_route=\/wp\/v2\/types\/page"}],"author":[{"embeddable":true,"href":"http:\/\/wernergeigges.de\/index.php?rest_route=\/wp\/v2\/users\/1"}],"replies":[{"embeddable":true,"href":"http:\/\/wernergeigges.de\/index.php?rest_route=%2Fwp%2Fv2%2Fcomments&post=81"}],"version-history":[{"count":4,"href":"http:\/\/wernergeigges.de\/index.php?rest_route=\/wp\/v2\/pages\/81\/revisions"}],"predecessor-version":[{"id":89,"href":"http:\/\/wernergeigges.de\/index.php?rest_route=\/wp\/v2\/pages\/81\/revisions\/89"}],"wp:attachment":[{"href":"http:\/\/wernergeigges.de\/index.php?rest_route=%2Fwp%2Fv2%2Fmedia&parent=81"}],"curies":[{"name":"wp","href":"https:\/\/api.w.org\/{rel}","templated":true}]}}