{"id":13,"date":"2019-11-12T00:41:49","date_gmt":"2019-11-12T00:41:49","guid":{"rendered":"http:\/\/wernergeigges.de\/?page_id=13"},"modified":"2019-11-23T21:50:20","modified_gmt":"2019-11-23T21:50:20","slug":"arbeitsschwerpunkte","status":"publish","type":"page","link":"http:\/\/wernergeigges.de\/?page_id=13","title":{"rendered":"Arbeit und Seelische Gesundheit"},"content":{"rendered":"\n<h2>Arbeit und Seelische Gesundheit<\/h2>\n\n\n<p><br \/><br \/><\/p>\n<ul>\n<li>F\u00fchrungskr\u00e4fte-Seminare (u.a. Daimler Gaggenau)<br \/><br \/><br \/><\/li>\n<li>Externe Psychosomatische Betriebs-Ambulanz f\u00fcr die Firma SICK Waldkirch<br \/><br \/><\/li>\n\u00a0\n<li>Vortr\u00e4ge zu u.a. Burn-out, Arbeit und Seelische Gesundheit, Gesund f\u00fchren<\/li>\n<\/ul>\n\n\n<h2><\/h2>\n","protected":false},"excerpt":{"rendered":"<p>Arbeit und Seelische Gesundheit F\u00fchrungskr\u00e4fte-Seminare (u.a. Daimler Gaggenau) Externe Psychosomatische Betriebs-Ambulanz f\u00fcr die Firma SICK Waldkirch \u00a0 Vortr\u00e4ge zu u.a.&hellip;<\/p>\n","protected":false},"author":1,"featured_media":0,"parent":0,"menu_order":0,"comment_status":"closed","ping_status":"closed","template":"","meta":[],"_links":{"self":[{"href":"http:\/\/wernergeigges.de\/index.php?rest_route=\/wp\/v2\/pages\/13"}],"collection":[{"href":"http:\/\/wernergeigges.de\/index.php?rest_route=\/wp\/v2\/pages"}],"about":[{"href":"http:\/\/wernergeigges.de\/index.php?rest_route=\/wp\/v2\/types\/page"}],"author":[{"embeddable":true,"href":"http:\/\/wernergeigges.de\/index.php?rest_route=\/wp\/v2\/users\/1"}],"replies":[{"embeddable":true,"href":"http:\/\/wernergeigges.de\/index.php?rest_route=%2Fwp%2Fv2%2Fcomments&post=13"}],"version-history":[{"count":15,"href":"http:\/\/wernergeigges.de\/index.php?rest_route=\/wp\/v2\/pages\/13\/revisions"}],"predecessor-version":[{"id":189,"href":"http:\/\/wernergeigges.de\/index.php?rest_route=\/wp\/v2\/pages\/13\/revisions\/189"}],"wp:attachment":[{"href":"http:\/\/wernergeigges.de\/index.php?rest_route=%2Fwp%2Fv2%2Fmedia&parent=13"}],"curies":[{"name":"wp","href":"https:\/\/api.w.org\/{rel}","templated":true}]}}